{"id":2,"date":"2016-01-21T21:43:42","date_gmt":"2016-01-21T21:43:42","guid":{"rendered":"http:\/\/lacatsgandoy.cat\/?page_id=2"},"modified":"2017-02-14T23:25:36","modified_gmt":"2017-02-14T23:25:36","slug":"empresa","status":"publish","type":"page","link":"https:\/\/lacatsgandoy.cat\/index.php\/empresa\/","title":{"rendered":"Empresa"},"content":{"rendered":"<h3>Empresa<\/h3>\n<p>Envarnissats i <img decoding=\"async\" loading=\"lazy\" class=\"wp-image-149 alignright\" src=\"http:\/\/lacatsgandoy.cat\/wp-content\/uploads\/2017\/02\/IMG_3472-150x150.jpg\" alt=\"\" width=\"278\" height=\"278\" srcset=\"https:\/\/lacatsgandoy.cat\/wp-content\/uploads\/2017\/02\/IMG_3472-150x150.jpg 150w, https:\/\/lacatsgandoy.cat\/wp-content\/uploads\/2017\/02\/IMG_3472-300x300.jpg 300w\" sizes=\"(max-width: 278px) 100vw, 278px\" \/>Lacats Gandoy, S.L es una con mas de 40 a\u00f1os de experiencia en el sector del barnizado y el lacado.&nbsp;<\/p>\n<p>Inici\u00e1ndose como&nbsp;una empresa familiar, el continuo progreso y formaci\u00f3n del equipo ha permitido a Gandoy S.L. adaptarse constantemente a las necesidades del mercado en cada momento. Y consecuencia de ello ha hecho de Gandoy S.L un referente en el sector del barniz y el lacado.<\/p>\n<p>&nbsp;<\/p>\n<p>&nbsp;<\/p>\n<p>&nbsp;<\/p>\n<p>&nbsp;<\/p>\n<p><img decoding=\"async\" loading=\"lazy\" class=\"wp-image-145 alignleft\" src=\"http:\/\/lacatsgandoy.cat\/wp-content\/uploads\/2017\/02\/IMG_3429-150x150.jpg\" alt=\"\" width=\"221\" height=\"221\" srcset=\"https:\/\/lacatsgandoy.cat\/wp-content\/uploads\/2017\/02\/IMG_3429-150x150.jpg 150w, https:\/\/lacatsgandoy.cat\/wp-content\/uploads\/2017\/02\/IMG_3429-300x300.jpg 300w\" sizes=\"(max-width: 221px) 100vw, 221px\" \/>Gracias a nuestra&nbsp;amplia experiencia en el sector, podemos asesorar y ponernos a disposici\u00f3n de particulares y empresas tales como: perfumer\u00edas, cadenas de restauraci\u00f3n, bancos, cajas, tiendas de moda, empresas de interiorismo, empresas audiovisuales y de telefon\u00eda, etc.<\/p>\n<p>Ofreciendo un trato personal y de confianza en cada uno de nuestros trabajos, logrando as\u00ed la calidad y exclusividad que merece cada uno de nuestros clientes.<\/p>\n<h3>&nbsp;<\/h3>\n<p>&nbsp;<\/p>\n<h3>&nbsp;<\/h3>\n<h3>Maquinaria<\/h3>\n<p><img decoding=\"async\" loading=\"lazy\" class=\"wp-image-147 alignright\" src=\"http:\/\/lacatsgandoy.cat\/wp-content\/uploads\/2017\/02\/IMG_3452-150x150.jpg\" alt=\"\" width=\"270\" height=\"270\" srcset=\"https:\/\/lacatsgandoy.cat\/wp-content\/uploads\/2017\/02\/IMG_3452-150x150.jpg 150w, https:\/\/lacatsgandoy.cat\/wp-content\/uploads\/2017\/02\/IMG_3452-300x300.jpg 300w\" sizes=\"(max-width: 270px) 100vw, 270px\" \/>La empresa cuenta con una superficie de 650m2, dentro de los cuales dispone de una maquinaria y un&nbsp;equipo humano adaptados a la empresa seg\u00fan las exigencias del mercado.<\/p>\n<h5>Zona de Pulimento:<\/h5>\n<ul>\n<li>Bancos de trabajo.<\/li>\n<li>Calibradora.<\/li>\n<\/ul>\n<h5>Zona cabinas presurizadas:<\/h5>\n<ul>\n<li>Dos cabinas presurizadas.<\/li>\n<li>Dos cabinas de preparaci\u00f3n.<\/li>\n<\/ul>\n<p>&nbsp;<\/p>\n<h3>&nbsp;<\/h3>\n<h3>&nbsp;<\/h3>\n<h3>Servicios<\/h3>\n<ul>\n<li><img decoding=\"async\" loading=\"lazy\" class=\"wp-image-148 alignright\" src=\"http:\/\/lacatsgandoy.cat\/wp-content\/uploads\/2017\/02\/IMG_3458-150x150.jpg\" alt=\"\" width=\"207\" height=\"207\" srcset=\"https:\/\/lacatsgandoy.cat\/wp-content\/uploads\/2017\/02\/IMG_3458-150x150.jpg 150w, https:\/\/lacatsgandoy.cat\/wp-content\/uploads\/2017\/02\/IMG_3458-300x300.jpg 300w\" sizes=\"(max-width: 207px) 100vw, 207px\" \/>Restauraci\u00f3n de muebles.<\/li>\n<li>Lacados y barnizados de cualquier gama de color.<\/li>\n<li>Acabados:\n<ul>\n<li>Naturales.<\/li>\n<li>Te\u00f1idos.<\/li>\n<li>Satinados.<\/li>\n<li>Mates.<\/li>\n<li>Brillos.<\/li>\n<li>Metalizados.<\/li>\n<li>Nacarados.<\/li>\n<li>Al agua.<\/li>\n<li>Ign\u00edfug<img decoding=\"async\" loading=\"lazy\" class=\"wp-image-146 alignright\" src=\"http:\/\/lacatsgandoy.cat\/wp-content\/uploads\/2017\/02\/IMG_3450-150x150.jpg\" alt=\"\" width=\"211\" height=\"211\" srcset=\"https:\/\/lacatsgandoy.cat\/wp-content\/uploads\/2017\/02\/IMG_3450-150x150.jpg 150w, https:\/\/lacatsgandoy.cat\/wp-content\/uploads\/2017\/02\/IMG_3450-300x300.jpg 300w\" sizes=\"(max-width: 211px) 100vw, 211px\" \/>os.<\/li>\n<li>Poliuretanos.<\/li>\n<li>Resistentes para parquet de suelo.<\/li>\n<li>Alto brillo metalizado.<\/li>\n<li>Velado decapado.<\/li>\n<\/ul>\n<\/li>\n<\/ul>\n<p>&nbsp;<\/p>\n<p>&nbsp;<\/p>\n<p>&nbsp;<\/p>\n<p>&nbsp;<\/p>\n<p>&nbsp;<\/p>\n<p>&nbsp;<\/p>\n<p>&nbsp;<\/p>\n<p>&nbsp;<\/p>\n<p>&nbsp;<\/p>\n<p>&nbsp;<\/p>\n<p>&nbsp;<\/p>\n<p>&nbsp;<\/p>\n<p>&nbsp;<\/p>\n<p>&nbsp;<\/p>\n","protected":false},"excerpt":{"rendered":"<p>Empresa Envarnissats i Lacats Gandoy, S.L es una con mas de 40 a\u00f1os de experiencia en el sector del barnizado y el lacado.&nbsp; Inici\u00e1ndose como&nbsp;una empresa familiar, el continuo progreso y formaci\u00f3n del equipo ha permitido a Gandoy S.L. adaptarse constantemente a las necesidades del mercado en cada momento. Y consecuencia de ello ha hecho<\/p>\n","protected":false},"author":1,"featured_media":0,"parent":0,"menu_order":0,"comment_status":"closed","ping_status":"open","template":"","meta":[],"_links":{"self":[{"href":"https:\/\/lacatsgandoy.cat\/index.php\/wp-json\/wp\/v2\/pages\/2"}],"collection":[{"href":"https:\/\/lacatsgandoy.cat\/index.php\/wp-json\/wp\/v2\/pages"}],"about":[{"href":"https:\/\/lacatsgandoy.cat\/index.php\/wp-json\/wp\/v2\/types\/page"}],"author":[{"embeddable":true,"href":"https:\/\/lacatsgandoy.cat\/index.php\/wp-json\/wp\/v2\/users\/1"}],"replies":[{"embeddable":true,"href":"https:\/\/lacatsgandoy.cat\/index.php\/wp-json\/wp\/v2\/comments?post=2"}],"version-history":[{"count":14,"href":"https:\/\/lacatsgandoy.cat\/index.php\/wp-json\/wp\/v2\/pages\/2\/revisions"}],"predecessor-version":[{"id":177,"href":"https:\/\/lacatsgandoy.cat\/index.php\/wp-json\/wp\/v2\/pages\/2\/revisions\/177"}],"wp:attachment":[{"href":"https:\/\/lacatsgandoy.cat\/index.php\/wp-json\/wp\/v2\/media?parent=2"}],"curies":[{"name":"wp","href":"https:\/\/api.w.org\/{rel}","templated":true}]}}